{"id":3267,"date":"2021-01-27T21:00:47","date_gmt":"2021-01-28T02:00:47","guid":{"rendered":"https:\/\/eclairageoasis.com\/mood-lighting-suitable-for-a-roof-terrace\/"},"modified":"2026-04-17T10:07:22","modified_gmt":"2026-04-17T14:07:22","slug":"rooftop-lighting-terrace","status":"publish","type":"page","link":"https:\/\/eclairageoasis.com\/en\/rooftop-lighting-terrace\/","title":{"rendered":"Appropriate ambient lighting for a rooftop terrace"},"content":{"rendered":"<div class=\"wpb-content-wrapper\"><p>[vc_row css=&#8221;.vc_custom_1776366251416{background-color: #18191B !important;}&#8221;][vc_column][vc_column_text css=&#8221;.vc_custom_1776367450874{padding-top: 75px !important;padding-bottom: 75px !important;}&#8221;]<\/p>\n<h1 style=\"text-align: center;\">Appropriate ambient lighting for a rooftop terrace<\/h1>\n<p>[\/vc_column_text][\/vc_column][\/vc_row][vc_row fullwidth=&#8221;yes&#8221; css=&#8221;.vc_custom_1487963117730{margin-top: 0px !important;border-top-width: 0px !important;padding-top: 0px !important;}&#8221;][vc_column css=&#8221;.vc_custom_1611265087442{margin-top: 0px !important;margin-bottom: 0px !important;padding-top: 0px !important;padding-bottom: 0px !important;}&#8221; el_class=&#8221;haut-eclairage&#8221;]\t<!-- Element: OT Quick Office -->\n\t<div class=\"side-bg\">\n\n\t\t<div class=\"image-container hidden-xs pull-right right0 col-md-7 col-md-offset-5\" style=\"background-image:url(https:\/\/eclairageoasis.com\/wp-content\/uploads\/2021\/01\/terrasse-toit-oasis-1.jpg); ?>\" data-delay=\"0\"><\/div>\n\n\t\t<!-- Added this code in 26\/03\/2019 -->\n\t\t<img decoding=\"async\" class=\"visible-xs img-responsive\" src=\"https:\/\/eclairageoasis.com\/wp-content\/uploads\/2021\/01\/terrasse-toit-oasis-1.jpg\" \/>\n\n        <div class=\"container\">\n            <div class=\"row\">\n                <div class=\"inner-padding\">\n                    <div class=\"col-md-4 wow fadeInLeft\" data-wow-delay=\".2s\">\n                        <h2><\/h2><br\/>\n                        For several years now, we\u2019ve noticed that rooftop terraces are becoming increasingly popular. In fact, this trendy new feature has become a staple in townhouses, condos, and homes both in the city and in the suburbs.<\/p>\n<p>At Oasis, we recognize the full potential that a rooftop terrace can bring to a home. A rooftop terrace offers plenty of opportunities to enjoy time outdoors and host gatherings with friends in an attractive setting. A well-designed space like this provides you with a pleasant living area and will undoubtedly add immeasurable charm to your home.<\/p>\n<h2>Appropriate and harmonious outdoor lighting<\/h2>\n<p>A rooftop terrace is an undeniable asset to any home, but this asset is only truly valuable if it has adequate lighting that is tailored to your living space, allowing you to spend your evenings there and truly enjoy it.<\/p>\n<p>A rooftop terrace must be lit with skill and elegance; otherwise, it becomes useless in the evening. At Oasis, we design custom outdoor lighting systems tailored to your living space. In recent years, we\u2019ve had the opportunity to create a variety of custom lighting solutions for rooftop spaces based on our clients\u2019 needs and preferences.                     <\/div>\n                    <div class=\"clearfix\"><\/div>\n                <\/div>\n            <\/div>\n        <\/div>\n\t<\/div>\n\n[\/vc_column][\/vc_row][vc_row fullwidth=&#8221;yes&#8221; css=&#8221;.vc_custom_1487963117730{margin-top: 0px !important;border-top-width: 0px !important;padding-top: 0px !important;}&#8221;][vc_column css=&#8221;.vc_custom_1611600418283{margin-top: 0px !important;margin-bottom: 0px !important;padding-top: 0px !important;padding-bottom: 0px !important;}&#8221; el_class=&#8221;haut-eclairage-deux&#8221;]\t<!-- Element: OT Quick Office -->\n\t<div class=\"side-bg\">\n\n\t\t<div class=\"image-container hidden-xs pull-left col-md-5\" style=\"background-image:url(https:\/\/eclairageoasis.com\/wp-content\/uploads\/2021\/01\/terrasse-sur-toit-eclairage-oasis.jpg); ?>\" data-delay=\"0\"><\/div>\n\n\t\t<!-- Added this code in 26\/03\/2019 -->\n\t\t<img decoding=\"async\" class=\"visible-xs img-responsive\" src=\"https:\/\/eclairageoasis.com\/wp-content\/uploads\/2021\/01\/terrasse-sur-toit-eclairage-oasis.jpg\" \/>\n\n        <div class=\"container\">\n            <div class=\"row\">\n                <div class=\"inner-padding\">\n                    <div class=\"col-md-6 col-md-offset-6 wow fadeInRight\" data-wow-delay=\".2s\">\n                        <h2><\/h2><br\/>\n                        <\/p>\n<div id=\"boite-milieu-toit\">\n<p>The right outdoor lighting not only highlights the beauty of a space after dark, but also creates an entirely different perspective on it. Each type of lighting creates a unique effect and serves a specific purpose.<\/p>\n<div class=\"oasis-col-1\">\n<p><strong> <span style=\"color: #6193aa;\">Subtle lighting <\/span><\/strong><\/p>\n<p>This type of lighting creates balanced, consistent illumination throughout your entire patio. To achieve this, we combine different types of direct and indirect lighting to create a space that is both functional and inviting.<\/p>\n<p><strong> <span style=\"color: #6193aa;\">Ambient lighting<\/span><\/strong><\/p>\n<p>Pour cr\u00e9er une atmosph\u00e8re d\u00e9tendue, l&#8217;\u00e9clairage ambiant est parfait. Il s\u2019agit d\u2019un \u00e9clairage indirect et diffus favorisant une ambiance de d\u00e9tente.<\/p>\n<p><strong> <span style=\"color: #6193aa;\">Decorative lighting<\/span><\/strong><\/p>\n<p>This type of lighting is designed to highlight specific spaces, objects, or areas of your patio. If you want to draw attention to a particular feature\u2014whether it\u2019s an architectural detail, a painting, a sculpture, a texture, or something else\u2014this type of lighting offers countless possibilities for creating a dramatic atmosphere.<\/p>\n<p><strong> <span style=\"color: #6193aa;\">Accent lighting<\/span><\/strong><\/p>\n<p>Accent lighting can be used to highlight a sculpture or a brick wall, for example. It can also help create a reading or workspace on your patio.<\/p>\n<\/div>\n<div class=\"oasis-col-2\">\n<div class=\"italique-toit\">Highlight a feature of your rooftop terrace<\/div>\n<p>Do you have a piece of art you love or an object that holds special meaning? Make it stand out with special lighting that draws everyone\u2019s attention. This trick works just as well for highlighting objects and plants\u2014or why not try it on a different surface, like a brick wall or a beautiful wallpaper?<\/p>\n<h2>Roof Lighting: Challenges and Opportunities<\/h2>\n<p>In Quebec, many municipalities prohibit the installation of fixed lighting on the roof of a property. That is why we use our expertise, experience, and creativity to offer you custom lighting solutions that comply with all regulations.<\/p>\n<p>Drawing on our expertise, we design lighting fixtures that can be mounted on removable elements such as pots, planters, garden furniture, and accessories.<\/p>\n<\/div>\n<div id=\"lien-twist\">\n<div id=\"logo-twist\"><a href=\"https:\/\/twistproduction.com\/\" target=\"_blank\" rel=\"noopener noreferrer\"><img loading=\"lazy\" decoding=\"async\" src=\"https:\/\/eclairageoasis.com\/wp-content\/uploads\/2021\/01\/twist-meuble-exterieur-oasis.png\" alt=\"logo-twist-outdoor-furniture\" width=\"90\" height=\"90\" \/><\/a><\/div>\n<div id=\"tx-twist\">We are proud to offer a complete line of outdoor furniture from the Quebec-based company TWIST. For more information, please <a href=\"https:\/\/twistproduction.com\/\" target=\"_blank\" rel=\"noopener noreferrer\">visit the TWIST website.<\/a><br \/>\n<a href=\"https:\/\/eclairageoasis.com\/wp-content\/uploads\/2021\/03\/Liste-de-prix-2021-Corporatif.pdf\" target=\"_blank\" rel=\"noopener noreferrer\">Download the TWIST Price List PDF<\/a><\/div>\n<\/div>\n<\/div>\n<p>                    <\/div>\n                    <div class=\"clearfix\"><\/div>\n                <\/div>\n            <\/div>\n        <\/div>\n\t<\/div>\n\n[\/vc_column][\/vc_row][vc_row fullwidth=&#8221;yes&#8221; el_class=&#8221;call-to-action bg-color text-center&#8221; css=&#8221;.vc_custom_1558016578297{padding-top: 60px !important;padding-bottom: 60px !important;}&#8221;][vc_column]\t\t\t\n\t<!-- Element: OT Button --> \n\t\t\t<a href=\"https:\/\/eclairageoasis.com\/en\/contact-and-online-submission\/\" target=\"_blank\" class=\"btn btn-line-black btn-big  contour-blanc\">CONTACT US FOR MORE INFORMATION<\/a>\n\t    \n[\/vc_column][\/vc_row]<\/p>\n<\/div>","protected":false},"excerpt":{"rendered":"<p>[vc_row css=&#8221;.vc_custom_1776366251416{background-color: #18191B !important;}&#8221;][vc_column][vc_column_text css=&#8221;.vc_custom_1776367450874{padding-top: 75px !important;padding-bottom: 75px !important;}&#8221;] Appropriate ambient lighting for a rooftop terrace [\/vc_column_text][\/vc_column][\/vc_row][vc_row fullwidth=&#8221;yes&#8221; css=&#8221;.vc_custom_1487963117730{margin-top: 0px !important;border-top-width: 0px !important;padding-top: 0px !important;}&#8221;][vc_column css=&#8221;.vc_custom_1611265087442{margin-top: 0px !important;margin-bottom: 0px !important;padding-top: 0px !important;padding-bottom: 0px !important;}&#8221; el_class=&#8221;haut-eclairage&#8221;][\/vc_column][\/vc_row][vc_row fullwidth=&#8221;yes&#8221; css=&#8221;.vc_custom_1487963117730{margin-top: 0px !important;border-top-width: 0px !important;padding-top: 0px !important;}&#8221;][vc_column css=&#8221;.vc_custom_1611600418283{margin-top: 0px !important;margin-bottom: 0px !important;padding-top: 0px !important;padding-bottom: 0px !important;}&#8221; el_class=&#8221;haut-eclairage-deux&#8221;][\/vc_column][\/vc_row][vc_row fullwidth=&#8221;yes&#8221; el_class=&#8221;call-to-action [&hellip;]<\/p>\n","protected":false},"author":1,"featured_media":3263,"parent":0,"menu_order":0,"comment_status":"closed","ping_status":"closed","template":"page-templates\/template-fullwidth.php","meta":{"footnotes":""},"class_list":["post-3267","page","type-page","status-publish","has-post-thumbnail","hentry"],"_links":{"self":[{"href":"https:\/\/eclairageoasis.com\/en\/wp-json\/wp\/v2\/pages\/3267","targetHints":{"allow":["GET"]}}],"collection":[{"href":"https:\/\/eclairageoasis.com\/en\/wp-json\/wp\/v2\/pages"}],"about":[{"href":"https:\/\/eclairageoasis.com\/en\/wp-json\/wp\/v2\/types\/page"}],"author":[{"embeddable":true,"href":"https:\/\/eclairageoasis.com\/en\/wp-json\/wp\/v2\/users\/1"}],"replies":[{"embeddable":true,"href":"https:\/\/eclairageoasis.com\/en\/wp-json\/wp\/v2\/comments?post=3267"}],"version-history":[{"count":10,"href":"https:\/\/eclairageoasis.com\/en\/wp-json\/wp\/v2\/pages\/3267\/revisions"}],"predecessor-version":[{"id":4814,"href":"https:\/\/eclairageoasis.com\/en\/wp-json\/wp\/v2\/pages\/3267\/revisions\/4814"}],"wp:featuredmedia":[{"embeddable":true,"href":"https:\/\/eclairageoasis.com\/en\/wp-json\/wp\/v2\/media\/3263"}],"wp:attachment":[{"href":"https:\/\/eclairageoasis.com\/en\/wp-json\/wp\/v2\/media?parent=3267"}],"curies":[{"name":"wp","href":"https:\/\/api.w.org\/{rel}","templated":true}]}}