{"id":2737,"date":"2020-02-05T14:53:13","date_gmt":"2020-02-05T19:53:13","guid":{"rendered":"https:\/\/eclairageoasis.com\/outdoor-architectural-lighting-the-art-of-bringing-out-the-beauty-of-the-night\/"},"modified":"2026-04-17T11:48:33","modified_gmt":"2026-04-17T15:48:33","slug":"outdoor-architectural-lighting","status":"publish","type":"page","link":"https:\/\/eclairageoasis.com\/en\/outdoor-architectural-lighting\/","title":{"rendered":"Outdoor architectural lighting: revealing the beauty of the night"},"content":{"rendered":"<div class=\"wpb-content-wrapper\"><p>[vc_row css=&#8221;.vc_custom_1776366251416{background-color: #18191B !important;}&#8221;][vc_column][vc_column_text css=&#8221;.vc_custom_1776366419907{padding-top: 75px !important;padding-bottom: 75px !important;}&#8221;]<\/p>\n<h1 style=\"text-align: center;\">Outdoor architectural lighting: revealing the beauty of the night<\/h1>\n<p>[\/vc_column_text][\/vc_column][\/vc_row][vc_row fullwidth=&#8221;yes&#8221; css=&#8221;.vc_custom_1487963117730{margin-top: 0px !important;border-top-width: 0px !important;padding-top: 0px !important;}&#8221;][vc_column css=&#8221;.vc_custom_1554403727554{margin-top: 0px !important;margin-bottom: 0px !important;padding-top: 0px !important;padding-bottom: 0px !important;}&#8221; el_class=&#8221;texte-haut-archi&#8221;]\t<!-- Element: OT Quick Office -->\n\t<div class=\"side-bg\">\n\n\t\t<div class=\"image-container hidden-xs pull-right right0 col-md-6 col-md-offset-6\" style=\"background-image:url(https:\/\/eclairageoasis.com\/wp-content\/uploads\/2023\/10\/architectural-exterieur-laval-7.webp); ?>\" data-delay=\"0\"><\/div>\n\n\t\t<!-- Added this code in 26\/03\/2019 -->\n\t\t<img decoding=\"async\" class=\"visible-xs img-responsive\" src=\"https:\/\/eclairageoasis.com\/wp-content\/uploads\/2023\/10\/architectural-exterieur-laval-7.webp\" \/>\n\n        <div class=\"container\">\n            <div class=\"row\">\n                <div class=\"inner-padding\">\n                    <div class=\"col-md-5 wow fadeInLeft\" data-wow-delay=\".2s\">\n                        <h2>Architectural lighting: highlighting buildings and architecture<\/h2><br\/>\n                        By incorporating lighting into your home\u2019s architecture, we can enhance its beauty and add value. The architecture of your home, as well as the highlights of your landscaping\u2014such as trees, sculptures, and fountains\u2014will be beautifully showcased. <\/p>\n<p><strong> Architectural lighting will provide you with moments of priceless beauty.<\/strong><\/p>\n<p>When preparing your home for the installation of architectural lighting, Oasis Landscape and Architectural Lighting takes charge of the design and planning of your project while taking your input into account.<\/p>\n<p>We first conduct an evening site visit to determine what elements should be highlighted, such as the effect of shadows, among other factors. The installation is then carried out during the day. If necessary, the technician in charge of the installation will return in the evening to make final adjustments.                      <\/div>\n                    <div class=\"clearfix\"><\/div>\n                <\/div>\n            <\/div>\n        <\/div>\n\t<\/div>\n\n\t<!-- Element: OT Quick Office -->\n\t<div class=\"side-bg\">\n\n\t\t<div class=\"image-container hidden-xs pull-left col-md-6\" style=\"background-image:url(https:\/\/eclairageoasis.com\/wp-content\/uploads\/2019\/04\/eclairage-exterieur-paysager-montreal.jpg); ?>\" data-delay=\"0\"><\/div>\n\n\t\t<!-- Added this code in 26\/03\/2019 -->\n\t\t<img decoding=\"async\" class=\"visible-xs img-responsive\" src=\"https:\/\/eclairageoasis.com\/wp-content\/uploads\/2019\/04\/eclairage-exterieur-paysager-montreal.jpg\" \/>\n\n        <div class=\"container\">\n            <div class=\"row\">\n                <div class=\"inner-padding\">\n                    <div class=\"col-md-5 col-md-offset-7 wow fadeInRight\" data-wow-delay=\".2s\">\n                        <h2>Bring facades and outdoor spaces to life<\/h2><br\/>\n                        Architectural exterior lighting brings facades and outdoor spaces to life. Exterior lighting can transform the way you see and perceive a building, a sculpture, or any other architectural feature. <\/p>\n<p>It is fascinating to see how exterior lighting can blend seamlessly with a building and its surroundings. By understanding the interplay between light and shadow, exterior lighting designers can use contrast and shadows to create inspiring and intriguing spaces. <\/p>\n<p>When considering lighting for a property, it is important to establish the primary goal of the design from the outset. <strong>For example, do you want to highlight key features, add depth to surfaces that don&#8217;t normally stand out, or simply create a well-lit entrance?<\/strong><\/p>\n<p>We can both highlight a building\u2019s architectural features and draw attention to the landscaping and trees. We start by identifying the outdoor spaces you\u2019d like to use, and then we develop solutions for each area. <\/p>\n<p>We take all types of lighting fixtures into account when developing the lighting plan, and we also consider site safety and maintenance.                    <\/div>\n                    <div class=\"clearfix\"><\/div>\n                <\/div>\n            <\/div>\n        <\/div>\n\t<\/div>\n\n[\/vc_column][\/vc_row][vc_row fullwidth=&#8221;yes&#8221; el_class=&#8221;call-to-action bg-color text-center&#8221; css=&#8221;.vc_custom_1490295783242{padding-top: 60px !important;padding-bottom: 60px !important;}&#8221;][vc_column]\t\t\t\n\t<!-- Element: OT Button --> \n\t\t\t<a href=\"https:\/\/eclairageoasis.com\/en\/contact-and-online-submission\/\" target=\"_self\" class=\"btn btn-line-black btn-big  contour-blanc\">REQUEST A QUOTE<\/a>\n\t    \n[\/vc_column][\/vc_row][vc_row fullwidth=&#8221;yes&#8221; css=&#8221;.vc_custom_1487963117730{margin-top: 0px !important;border-top-width: 0px !important;padding-top: 0px !important;}&#8221;][vc_column css=&#8221;.vc_custom_1554403727554{margin-top: 0px !important;margin-bottom: 0px !important;padding-top: 0px !important;padding-bottom: 0px !important;}&#8221; el_class=&#8221;texte-haut-archi&#8221;]\t<!-- Element: OT Quick Office -->\n\t<div class=\"side-bg\">\n\n\t\t<div class=\"image-container hidden-xs pull-right right0 col-md-6 col-md-offset-6\" style=\"background-image:url(https:\/\/eclairageoasis.com\/wp-content\/uploads\/2020\/01\/eclairage-architectural-rive-sud-1.jpg); ?>\" data-delay=\"0\"><\/div>\n\n\t\t<!-- Added this code in 26\/03\/2019 -->\n\t\t<img decoding=\"async\" class=\"visible-xs img-responsive\" src=\"https:\/\/eclairageoasis.com\/wp-content\/uploads\/2020\/01\/eclairage-architectural-rive-sud-1.jpg\" \/>\n\n        <div class=\"container\">\n            <div class=\"row\">\n                <div class=\"inner-padding\">\n                    <div class=\"col-md-5 wow fadeInLeft\" data-wow-delay=\".2s\">\n                        <h2>The three types of architectural outdoor lighting<\/h2><br\/>\n                        <\/p>\n<div id=\"texte-eclairage-bas\">\n<h3>Spot lighting<\/h3>\n<p>Spot lighting is used for specific areas and activities, such as reading, where brighter light is needed over a smaller area. It is important to start with spot lighting to illuminate pathways and entrances. This type of outdoor lighting can also be achieved using path lights, deck lighting, and outdoor step lights.<\/p>\n<h3>Ambient lighting<\/h3>\n<p>The purpose of this type of lighting is to illuminate an entire area. It typically consists of outdoor wall sconces or floor lamps. Ambient lighting is also known as general lighting, which provides a comfortable level of brightness without glare.<\/p>\n<h3>Accent lighting<\/h3>\n<p>Accent lighting adds significance to an outdoor space by creating visual interest. For this type of lighting, we take the time to plan and focus the lighting to highlight specific features: walkways, the front door, and landscaping. We can highlight trees, planting areas, and architectural details. Uplighting can also be used to create a dramatic effect with a taller structure or tree, for example.   <\/p>\n<p><a href=\"https:\/\/eclairageoasis.com\/en\/landscape-lighting-defining-the-image\/\">Visit this page to learn more about the different types of lighting fixtures we use.<\/a><\/div>\n<p>                    <\/div>\n                    <div class=\"clearfix\"><\/div>\n                <\/div>\n            <\/div>\n        <\/div>\n\t<\/div>\n\n\t<!-- Element: OT Quick Office -->\n\t<div class=\"side-bg\">\n\n\t\t<div class=\"image-container hidden-xs pull-left col-md-6\" style=\"background-image:url(https:\/\/eclairageoasis.com\/wp-content\/uploads\/2021\/05\/outdoor-living-eclairage-oasis.jpg); ?>\" data-delay=\"0\"><\/div>\n\n\t\t<!-- Added this code in 26\/03\/2019 -->\n\t\t<img decoding=\"async\" class=\"visible-xs img-responsive\" src=\"https:\/\/eclairageoasis.com\/wp-content\/uploads\/2021\/05\/outdoor-living-eclairage-oasis.jpg\" \/>\n\n        <div class=\"container\">\n            <div class=\"row\">\n                <div class=\"inner-padding\">\n                    <div class=\"col-md-5 col-md-offset-7 wow fadeInRight\" data-wow-delay=\".2s\">\n                        <h2>Architectural lighting: Adding value to your property<\/h2><br\/>\n                        <\/p>\n<div id=\"texte-eclairage-bas\">\n<p>The visual appeal and emotional impact of architectural lighting are undeniable. An outdoor lighting system\u2014whether halogen or LED\u2014can highlight the beauty of the surroundings or accentuate specific features of your home or property, such as a statue or a fountain. <\/p>\n<p>It is important to consider the size, placement, and selection of lighting fixtures for an architectural structure. For outdoor lighting to be effective, it must look attractive during the day and provide optimal illumination at night, without compromising durability. <\/p>\n<p>To create harmonious and unparalleled architectural lighting, we skillfully utilize variations in light, color, and intensity. We have access to a wide range of high-quality outdoor floodlights, enabling us to design top-quality lighting systems for any project.<\/p><\/div>\n<p>                    <\/div>\n                    <div class=\"clearfix\"><\/div>\n                <\/div>\n            <\/div>\n        <\/div>\n\t<\/div>\n\n[\/vc_column][\/vc_row][vc_row css=&#8221;.vc_custom_1579630795087{padding-top: 60px !important;padding-bottom: 60px !important;background-image: url(https:\/\/eclairageoasis.com\/wp-content\/uploads\/2017\/03\/oasis-eclairage-exterieur-montreal-min.jpg?id=251) !important;}&#8221;][vc_column animate=&#8221;fadeinleft&#8221; css=&#8221;.vc_custom_1698330965873{padding-right: 40px !important;padding-bottom: 5px !important;padding-left: 40px !important;background-color: rgba(2,2,2,0.8) !important;*background-color: rgb(2,2,2) !important;}&#8221;][vc_row_inner css=&#8221;.vc_custom_1698331046471{padding-top: 15px !important;padding-bottom: 45px !important;}&#8221;][vc_column_inner][vc_video link=&#8221;https:\/\/youtu.be\/Es0htWkhN6Q&#8221; align=&#8221;center&#8221;][\/vc_column_inner][\/vc_row_inner][vc_row_inner css=&#8221;.vc_custom_1698331012581{padding-top: 15px !important;padding-bottom: 35px !important;}&#8221;][vc_column_inner width=&#8221;1\/2&#8243;]\n\t<!-- Element: OT Heading --> \t \n\t<h2 class=\"ot_custom_heading sous-titre-eclairage-trois \" style=\"font-size: 18px;color: #6193aa;\" >Outdoor lighting also helps improve safety<\/h2>\t\n[vc_column_text css=&#8221;.vc_custom_1580928690645{padding-right: 40px !important;}&#8221; el_class=&#8221;texte-page-eclairage&#8221;]These lighting systems are equipped with an astronomical timer that automatically turns them on and off at sunset and sunrise. They are an easy way to ensure that your outdoor lighting is only on when needed.[\/vc_column_text][\/vc_column_inner][vc_column_inner width=&#8221;1\/2&#8243;]\n\t<!-- Element: OT Heading --> \t \n\t<h2 class=\"ot_custom_heading sous-titre-eclairage-trois \" style=\"font-size: 18px;color: #6193aa;\" >The Benefits of LED Lights for Outdoor Architectural Lighting<\/h2>\t\n[vc_column_text css=&#8221;.vc_custom_1553795357488{padding-right: 40px !important;}&#8221; el_class=&#8221;texte-page-eclairage&#8221;]LED bulbs (energy-efficient lighting) offer an optimal lifespan and excellent value for money. It is well known that LED lights are energy-efficient, but they also allow you to create a variety of moods. Additionally, because of their compact size, it is easier to conceal spotlights and hide the source of the light.[\/vc_column_text][\/vc_column_inner][\/vc_row_inner][\/vc_column][\/vc_row][vc_row fullwidth=&#8221;yes&#8221;][vc_column]  \n\n\t<!-- Element: OT Portfolio Category -->\n\t<div class=\"projects-grid-wrapper\">\n\t\t\n\t    <div class=\"projects-grid projects-load-ajax overlay_s1 portfolio_category pf_4_cols wow fadeInUp vc_custom_1558024424177\" data-wow-delay=\".3s\" style=\"margin: -0px 0px\" >\n\t    \t<div class=\"project-item-sizer\"><\/div>\n\t                  \n\t        <!-- gallery item -->\n\t        <div class=\"project-item category-15 category-3 \" style=\"padding:0px\">\n\t        \t<div class=\"projects-box\">\n\t\t\t\t\t<div class=\"projects-thumbnail\">\n\t\t\t\t\t\t<img loading=\"lazy\" decoding=\"async\" width=\"700\" height=\"466\" src=\"https:\/\/eclairageoasis.com\/wp-content\/uploads\/2025\/03\/eclairage-complet-cour-arriere-piscine-pergola-led-soir-750x499.webp\" class=\"attachment-700x466 size-700x466 wp-post-image\" alt=\"\u00c9clairage ext\u00e9rieur complet d\u2019une cour arri\u00e8re avec piscine illumin\u00e9e, pergola moderne, \u00e9clairage de marches et coin repas.\" title=\"eclairage-complet-cour-arriere-piscine-pergola-led-soir\" \/>\t\t\t\t\t<\/div>\t\t\t\t\t\t\t\n\t\t\t\t\t<a class=\"\" href=\"https:\/\/eclairageoasis.com\/en\/portfolio\/oasis-122\/\">\n\t\t\t\t\t\t<span class=\"project-overlay\">\n\t\t\t\t\t\t\t<span class=\"project-name id-color\">Oasis<\/span>\t\n\t\t\t\t\t\t<\/span>\n\t\t\t\t\t<\/a>\t\n\t\t\t\t<\/div>\n\t        <\/div>\n\t        <!-- close gallery item -->\n\t                 \n\t        <!-- gallery item -->\n\t        <div class=\"project-item category-15 category-3 \" style=\"padding:0px\">\n\t        \t<div class=\"projects-box\">\n\t\t\t\t\t<div class=\"projects-thumbnail\">\n\t\t\t\t\t\t<img loading=\"lazy\" decoding=\"async\" width=\"700\" height=\"466\" src=\"https:\/\/eclairageoasis.com\/wp-content\/uploads\/2025\/03\/eclairage-nocturne-fontaines-led-architecture-lumineuse-domaine-750x499.webp\" class=\"attachment-700x466 size-700x466 wp-post-image\" alt=\"Fontaines illumin\u00e9es en LED bleues devant un domaine de prestige, avec \u00e9clairage architectural et paysager de nuit.\" title=\"eclairage-nocturne-fontaines-led-architecture-lumineuse-domaine\" \/>\t\t\t\t\t<\/div>\t\t\t\t\t\t\t\n\t\t\t\t\t<a class=\"\" href=\"https:\/\/eclairageoasis.com\/en\/portfolio\/oasis-120\/\">\n\t\t\t\t\t\t<span class=\"project-overlay\">\n\t\t\t\t\t\t\t<span class=\"project-name id-color\">Oasis<\/span>\t\n\t\t\t\t\t\t<\/span>\n\t\t\t\t\t<\/a>\t\n\t\t\t\t<\/div>\n\t        <\/div>\n\t        <!-- close gallery item -->\n\t                 \n\t        <!-- gallery item -->\n\t        <div class=\"project-item category-15 category-3 \" style=\"padding:0px\">\n\t        \t<div class=\"projects-box\">\n\t\t\t\t\t<div class=\"projects-thumbnail\">\n\t\t\t\t\t\t<img loading=\"lazy\" decoding=\"async\" width=\"700\" height=\"466\" src=\"https:\/\/eclairageoasis.com\/wp-content\/uploads\/2025\/03\/eclairage-salon-exterieur-foyer-gaz-pergola-design-750x499.webp\" class=\"attachment-700x466 size-700x466 wp-post-image\" alt=\"Espace lounge ext\u00e9rieur avec foyer au gaz sous pergola design, \u00e9clairage d\u2019ambiance int\u00e9gr\u00e9 et mobilier moderne.\" title=\"eclairage-salon-exterieur-foyer-gaz-pergola-design\" \/>\t\t\t\t\t<\/div>\t\t\t\t\t\t\t\n\t\t\t\t\t<a class=\"\" href=\"https:\/\/eclairageoasis.com\/en\/portfolio\/oasis-115\/\">\n\t\t\t\t\t\t<span class=\"project-overlay\">\n\t\t\t\t\t\t\t<span class=\"project-name id-color\">Oasis<\/span>\t\n\t\t\t\t\t\t<\/span>\n\t\t\t\t\t<\/a>\t\n\t\t\t\t<\/div>\n\t        <\/div>\n\t        <!-- close gallery item -->\n\t                 \n\t        <!-- gallery item -->\n\t        <div class=\"project-item category-15 category-3 \" style=\"padding:0px\">\n\t        \t<div class=\"projects-box\">\n\t\t\t\t\t<div class=\"projects-thumbnail\">\n\t\t\t\t\t\t<img loading=\"lazy\" decoding=\"async\" width=\"700\" height=\"466\" src=\"https:\/\/eclairageoasis.com\/wp-content\/uploads\/2025\/03\/eclairage-exterieur-piscine-luxueuse-terrasse-led-rive-750x499.webp\" class=\"attachment-700x466 size-700x466 wp-post-image\" alt=\"Terrasse ext\u00e9rieure moderne avec piscine \u00e9clair\u00e9e en bleu, mobilier de luxe et \u00e9clairage LED int\u00e9gr\u00e9 en bordure de rivi\u00e8re.\" title=\"eclairage-exterieur-piscine-luxueuse-terrasse-led-rive\" \/>\t\t\t\t\t<\/div>\t\t\t\t\t\t\t\n\t\t\t\t\t<a class=\"\" href=\"https:\/\/eclairageoasis.com\/en\/portfolio\/oasis-114\/\">\n\t\t\t\t\t\t<span class=\"project-overlay\">\n\t\t\t\t\t\t\t<span class=\"project-name id-color\">Oasis<\/span>\t\n\t\t\t\t\t\t<\/span>\n\t\t\t\t\t<\/a>\t\n\t\t\t\t<\/div>\n\t        <\/div>\n\t        <!-- close gallery item -->\n\t                 \n\t        <!-- gallery item -->\n\t        <div class=\"project-item category-3 category-15 \" style=\"padding:0px\">\n\t        \t<div class=\"projects-box\">\n\t\t\t\t\t<div class=\"projects-thumbnail\">\n\t\t\t\t\t\t<img loading=\"lazy\" decoding=\"async\" width=\"700\" height=\"466\" src=\"https:\/\/eclairageoasis.com\/wp-content\/uploads\/2025\/03\/eclairage-architectural-entree-demeure-luxueuse-boisee-750x499.webp\" class=\"attachment-700x466 size-700x466 wp-post-image\" alt=\"Entr\u00e9e d\u2019une propri\u00e9t\u00e9 de prestige \u00e9clair\u00e9e avec un \u00e9clairage architectural mettant en valeur les arbres, l\u2019all\u00e9e et les piliers de cl\u00f4ture.\" title=\"eclairage-architectural-entree-demeure-luxueuse-boisee\" \/>\t\t\t\t\t<\/div>\t\t\t\t\t\t\t\n\t\t\t\t\t<a class=\"\" href=\"https:\/\/eclairageoasis.com\/en\/portfolio\/oasis-113\/\">\n\t\t\t\t\t\t<span class=\"project-overlay\">\n\t\t\t\t\t\t\t<span class=\"project-name id-color\">Oasis<\/span>\t\n\t\t\t\t\t\t<\/span>\n\t\t\t\t\t<\/a>\t\n\t\t\t\t<\/div>\n\t        <\/div>\n\t        <!-- close gallery item -->\n\t                 \n\t        <!-- gallery item -->\n\t        <div class=\"project-item category-15 category-3 \" style=\"padding:0px\">\n\t        \t<div class=\"projects-box\">\n\t\t\t\t\t<div class=\"projects-thumbnail\">\n\t\t\t\t\t\t<img loading=\"lazy\" decoding=\"async\" width=\"700\" height=\"466\" src=\"https:\/\/eclairageoasis.com\/wp-content\/uploads\/2025\/03\/eclairage-maison-moderne-allee-nocturne-750x499.webp\" class=\"attachment-700x466 size-700x466 wp-post-image\" alt=\"Conception et installation d&#039;\u00e9clairage architectural pour maisons modernes et all\u00e9es r\u00e9sidentielles. Exemple d&#039;\u00e9clairage nocturne mettant en valeur la fa\u00e7ade en briques, les fen\u00eatres, l&#039;all\u00e9e et le jardin, cr\u00e9ant une ambiance \u00e9l\u00e9gante et s\u00e9curis\u00e9e.\" title=\"eclairage-maison-moderne-allee-nocturne\" \/>\t\t\t\t\t<\/div>\t\t\t\t\t\t\t\n\t\t\t\t\t<a class=\"\" href=\"https:\/\/eclairageoasis.com\/en\/portfolio\/oasis-110\/\">\n\t\t\t\t\t\t<span class=\"project-overlay\">\n\t\t\t\t\t\t\t<span class=\"project-name id-color\">Oasis<\/span>\t\n\t\t\t\t\t\t<\/span>\n\t\t\t\t\t<\/a>\t\n\t\t\t\t<\/div>\n\t        <\/div>\n\t        <!-- close gallery item -->\n\t                 \n\t        <!-- gallery item -->\n\t        <div class=\"project-item category-15 category-3 \" style=\"padding:0px\">\n\t        \t<div class=\"projects-box\">\n\t\t\t\t\t<div class=\"projects-thumbnail\">\n\t\t\t\t\t\t<img loading=\"lazy\" decoding=\"async\" width=\"700\" height=\"466\" src=\"https:\/\/eclairageoasis.com\/wp-content\/uploads\/2025\/03\/eclairage-jardin-maison-piscine-nocturne-750x499.webp\" class=\"attachment-700x466 size-700x466 wp-post-image\" alt=\"Conception et installation d&#039;\u00e9clairage paysager pour jardins r\u00e9sidentiels avec maison et piscine. Exemple d&#039;\u00e9clairage nocturne mettant en valeur les arbres, la maison, la piscine et les all\u00e9es, cr\u00e9ant un espace ext\u00e9rieur luxueux et accueillant pour les soir\u00e9es.\" title=\"eclairage-jardin-maison-piscine-nocturne\" \/>\t\t\t\t\t<\/div>\t\t\t\t\t\t\t\n\t\t\t\t\t<a class=\"\" href=\"https:\/\/eclairageoasis.com\/en\/portfolio\/oasis-109\/\">\n\t\t\t\t\t\t<span class=\"project-overlay\">\n\t\t\t\t\t\t\t<span class=\"project-name id-color\">Oasis<\/span>\t\n\t\t\t\t\t\t<\/span>\n\t\t\t\t\t<\/a>\t\n\t\t\t\t<\/div>\n\t        <\/div>\n\t        <!-- close gallery item -->\n\t                 \n\t        <!-- gallery item -->\n\t        <div class=\"project-item category-3 category-15 \" style=\"padding:0px\">\n\t        \t<div class=\"projects-box\">\n\t\t\t\t\t<div class=\"projects-thumbnail\">\n\t\t\t\t\t\t<img loading=\"lazy\" decoding=\"async\" width=\"700\" height=\"466\" src=\"https:\/\/eclairageoasis.com\/wp-content\/uploads\/2025\/03\/architectural-eglise-facade-nocturne-750x499.webp\" class=\"attachment-700x466 size-700x466 wp-post-image\" alt=\"Exemple d&#039;\u00e9clairage nocturne mettant en valeur la fa\u00e7ade illumin\u00e9e en bleu, les d\u00e9tails architecturaux et le clocher.\" title=\"architectural-eglise-facade-nocturne\" \/>\t\t\t\t\t<\/div>\t\t\t\t\t\t\t\n\t\t\t\t\t<a class=\"\" href=\"https:\/\/eclairageoasis.com\/en\/portfolio\/oasis-105\/\">\n\t\t\t\t\t\t<span class=\"project-overlay\">\n\t\t\t\t\t\t\t<span class=\"project-name id-color\">Oasis<\/span>\t\n\t\t\t\t\t\t<\/span>\n\t\t\t\t\t<\/a>\t\n\t\t\t\t<\/div>\n\t        <\/div>\n\t        <!-- close gallery item -->\n\t       \t    <\/div> \n\t<\/div>  \n\n[\/vc_column][\/vc_row][vc_row fullwidth=&#8221;yes&#8221; el_class=&#8221;call-to-action bg-color text-center&#8221; css=&#8221;.vc_custom_1490295783242{padding-top: 60px !important;padding-bottom: 60px !important;}&#8221;][vc_column]\t\t\t\n\t<!-- Element: OT Button --> \n\t\t\t<a href=\"https:\/\/eclairageoasis.com\/en\/landscape-achievements\/\" target=\"_self\" class=\"btn btn-line-black btn-big  contour-blanc\">EXAMPLES OF ARCHITECTURAL LIGHTING PROJECTS<\/a>\n\t    \n[\/vc_column][\/vc_row]<\/p>\n<\/div>","protected":false},"excerpt":{"rendered":"<p>[vc_row css=&#8221;.vc_custom_1776366251416{background-color: #18191B !important;}&#8221;][vc_column][vc_column_text css=&#8221;.vc_custom_1776366419907{padding-top: 75px !important;padding-bottom: 75px !important;}&#8221;] Outdoor architectural lighting: revealing the beauty of the night [\/vc_column_text][\/vc_column][\/vc_row][vc_row fullwidth=&#8221;yes&#8221; css=&#8221;.vc_custom_1487963117730{margin-top: 0px !important;border-top-width: 0px !important;padding-top: 0px !important;}&#8221;][vc_column css=&#8221;.vc_custom_1554403727554{margin-top: 0px !important;margin-bottom: 0px !important;padding-top: 0px !important;padding-bottom: 0px !important;}&#8221; el_class=&#8221;texte-haut-archi&#8221;][\/vc_column][\/vc_row][vc_row fullwidth=&#8221;yes&#8221; el_class=&#8221;call-to-action bg-color text-center&#8221; css=&#8221;.vc_custom_1490295783242{padding-top: 60px !important;padding-bottom: 60px !important;}&#8221;][vc_column][\/vc_column][\/vc_row][vc_row fullwidth=&#8221;yes&#8221; css=&#8221;.vc_custom_1487963117730{margin-top: 0px !important;border-top-width: 0px !important;padding-top: 0px !important;}&#8221;][vc_column css=&#8221;.vc_custom_1554403727554{margin-top: [&hellip;]<\/p>\n","protected":false},"author":1,"featured_media":0,"parent":0,"menu_order":0,"comment_status":"closed","ping_status":"closed","template":"page-templates\/template-fullwidth.php","meta":{"footnotes":""},"class_list":["post-2737","page","type-page","status-publish","hentry"],"_links":{"self":[{"href":"https:\/\/eclairageoasis.com\/en\/wp-json\/wp\/v2\/pages\/2737","targetHints":{"allow":["GET"]}}],"collection":[{"href":"https:\/\/eclairageoasis.com\/en\/wp-json\/wp\/v2\/pages"}],"about":[{"href":"https:\/\/eclairageoasis.com\/en\/wp-json\/wp\/v2\/types\/page"}],"author":[{"embeddable":true,"href":"https:\/\/eclairageoasis.com\/en\/wp-json\/wp\/v2\/users\/1"}],"replies":[{"embeddable":true,"href":"https:\/\/eclairageoasis.com\/en\/wp-json\/wp\/v2\/comments?post=2737"}],"version-history":[{"count":9,"href":"https:\/\/eclairageoasis.com\/en\/wp-json\/wp\/v2\/pages\/2737\/revisions"}],"predecessor-version":[{"id":4822,"href":"https:\/\/eclairageoasis.com\/en\/wp-json\/wp\/v2\/pages\/2737\/revisions\/4822"}],"wp:attachment":[{"href":"https:\/\/eclairageoasis.com\/en\/wp-json\/wp\/v2\/media?parent=2737"}],"curies":[{"name":"wp","href":"https:\/\/api.w.org\/{rel}","templated":true}]}}